{"id":782,"date":"2018-02-19T15:12:12","date_gmt":"2018-02-19T15:12:12","guid":{"rendered":"http:\/\/dev2.sitefactory.fi\/autosky.fi\/website\/?page_id=782"},"modified":"2023-09-23T19:48:39","modified_gmt":"2023-09-23T19:48:39","slug":"scheduled-maintenance","status":"publish","type":"page","link":"https:\/\/autosky.fi\/en\/suzuki-authorized-service\/scheduled-maintenance\/","title":{"rendered":"Scheduled Maintenance"},"content":{"rendered":"<h1 class=\"entry-title\">Scheduled Maintenance<\/h1>\n","protected":false},"excerpt":{"rendered":"<p>Scheduled Maintenance<\/p>\n","protected":false},"author":1,"featured_media":0,"parent":798,"menu_order":0,"comment_status":"closed","ping_status":"closed","template":"authorised-one-box.php","meta":{"inline_featured_image":false,"footnotes":""},"class_list":["post-782","page","type-page","status-publish","hentry"],"yoast_head":"<!-- This site is optimized with the Yoast SEO plugin v25.6 - https:\/\/yoast.com\/wordpress\/plugins\/seo\/ -->\n<title>Suzuki-sertifioitu m\u00e4\u00e4r\u00e4aikaishuolto Autoskylla<\/title>\n<meta name=\"description\" content=\"Oikea-aikainen Suzukin valtuutettu huolto autollesi - varmista turvallisuus ja kustannuss\u00e4\u00e4st\u00f6t. Luota meihin saadaksesi laadukkaat korjaukset ja valmistajan tarjoukset.\" \/>\n<meta name=\"robots\" content=\"index, follow, max-snippet:-1, max-image-preview:large, max-video-preview:-1\" \/>\n<link rel=\"canonical\" href=\"https:\/\/autosky.fi\/en\/suzuki-authorized-service\/scheduled-maintenance\/\" \/>\n<meta property=\"og:locale\" content=\"en_US\" \/>\n<meta property=\"og:type\" content=\"article\" \/>\n<meta property=\"og:title\" content=\"Suzuki-sertifioitu m\u00e4\u00e4r\u00e4aikaishuolto Autoskylla\" \/>\n<meta property=\"og:description\" content=\"Oikea-aikainen Suzukin valtuutettu huolto autollesi - varmista turvallisuus ja kustannuss\u00e4\u00e4st\u00f6t. Luota meihin saadaksesi laadukkaat korjaukset ja valmistajan tarjoukset.\" \/>\n<meta property=\"og:url\" content=\"https:\/\/autosky.fi\/en\/suzuki-authorized-service\/scheduled-maintenance\/\" \/>\n<meta property=\"og:site_name\" content=\"Autosky\" \/>\n<meta property=\"article:modified_time\" content=\"2023-09-23T19:48:39+00:00\" \/>\n<meta name=\"twitter:card\" content=\"summary_large_image\" \/>\n<meta name=\"twitter:label1\" content=\"Est. reading time\" \/>\n\t<meta name=\"twitter:data1\" content=\"1 minute\" \/>\n<script type=\"application\/ld+json\" class=\"yoast-schema-graph\">{\"@context\":\"https:\/\/schema.org\",\"@graph\":[{\"@type\":\"WebPage\",\"@id\":\"https:\/\/autosky.fi\/en\/suzuki-authorized-service\/scheduled-maintenance\/\",\"url\":\"https:\/\/autosky.fi\/en\/suzuki-authorized-service\/scheduled-maintenance\/\",\"name\":\"Suzuki-sertifioitu m\u00e4\u00e4r\u00e4aikaishuolto Autoskylla\",\"isPartOf\":{\"@id\":\"https:\/\/test.autosky.fi\/#website\"},\"datePublished\":\"2018-02-19T15:12:12+00:00\",\"dateModified\":\"2023-09-23T19:48:39+00:00\",\"description\":\"Oikea-aikainen Suzukin valtuutettu huolto autollesi - varmista turvallisuus ja kustannuss\u00e4\u00e4st\u00f6t. Luota meihin saadaksesi laadukkaat korjaukset ja valmistajan tarjoukset.\",\"breadcrumb\":{\"@id\":\"https:\/\/autosky.fi\/en\/suzuki-authorized-service\/scheduled-maintenance\/#breadcrumb\"},\"inLanguage\":\"en-US\",\"potentialAction\":[{\"@type\":\"ReadAction\",\"target\":[\"https:\/\/autosky.fi\/en\/suzuki-authorized-service\/scheduled-maintenance\/\"]}]},{\"@type\":\"BreadcrumbList\",\"@id\":\"https:\/\/autosky.fi\/en\/suzuki-authorized-service\/scheduled-maintenance\/#breadcrumb\",\"itemListElement\":[{\"@type\":\"ListItem\",\"position\":1,\"name\":\"Home\",\"item\":\"https:\/\/autosky.fi\/en\/frontpage\/\"},{\"@type\":\"ListItem\",\"position\":2,\"name\":\"Authorized Service\",\"item\":\"https:\/\/autosky.fi\/en\/suzuki-authorized-service\/\"},{\"@type\":\"ListItem\",\"position\":3,\"name\":\"Scheduled Maintenance\"}]},{\"@type\":\"WebSite\",\"@id\":\"https:\/\/test.autosky.fi\/#website\",\"url\":\"https:\/\/test.autosky.fi\/\",\"name\":\"Autosky\",\"description\":\"Autohuolto, Autokorjaamo, Automaalamo Helsinki\",\"publisher\":{\"@id\":\"https:\/\/test.autosky.fi\/#organization\"},\"potentialAction\":[{\"@type\":\"SearchAction\",\"target\":{\"@type\":\"EntryPoint\",\"urlTemplate\":\"https:\/\/test.autosky.fi\/?s={search_term_string}\"},\"query-input\":{\"@type\":\"PropertyValueSpecification\",\"valueRequired\":true,\"valueName\":\"search_term_string\"}}],\"inLanguage\":\"en-US\"},{\"@type\":\"Organization\",\"@id\":\"https:\/\/test.autosky.fi\/#organization\",\"name\":\"Autosky\",\"url\":\"https:\/\/test.autosky.fi\/\",\"logo\":{\"@type\":\"ImageObject\",\"inLanguage\":\"en-US\",\"@id\":\"https:\/\/test.autosky.fi\/#\/schema\/logo\/image\/\",\"url\":\"https:\/\/autosky.fi\/content\/uploads\/2020\/11\/auto-sky-eng-logo.png\",\"contentUrl\":\"https:\/\/autosky.fi\/content\/uploads\/2020\/11\/auto-sky-eng-logo.png\",\"width\":6121,\"height\":2423,\"caption\":\"Autosky\"},\"image\":{\"@id\":\"https:\/\/test.autosky.fi\/#\/schema\/logo\/image\/\"}}]}<\/script>\n<!-- \/ Yoast SEO plugin. -->","yoast_head_json":{"title":"Suzuki-sertifioitu m\u00e4\u00e4r\u00e4aikaishuolto Autoskylla","description":"Oikea-aikainen Suzukin valtuutettu huolto autollesi - varmista turvallisuus ja kustannuss\u00e4\u00e4st\u00f6t. Luota meihin saadaksesi laadukkaat korjaukset ja valmistajan tarjoukset.","robots":{"index":"index","follow":"follow","max-snippet":"max-snippet:-1","max-image-preview":"max-image-preview:large","max-video-preview":"max-video-preview:-1"},"canonical":"https:\/\/autosky.fi\/en\/suzuki-authorized-service\/scheduled-maintenance\/","og_locale":"en_US","og_type":"article","og_title":"Suzuki-sertifioitu m\u00e4\u00e4r\u00e4aikaishuolto Autoskylla","og_description":"Oikea-aikainen Suzukin valtuutettu huolto autollesi - varmista turvallisuus ja kustannuss\u00e4\u00e4st\u00f6t. Luota meihin saadaksesi laadukkaat korjaukset ja valmistajan tarjoukset.","og_url":"https:\/\/autosky.fi\/en\/suzuki-authorized-service\/scheduled-maintenance\/","og_site_name":"Autosky","article_modified_time":"2023-09-23T19:48:39+00:00","twitter_card":"summary_large_image","twitter_misc":{"Est. reading time":"1 minute"},"schema":{"@context":"https:\/\/schema.org","@graph":[{"@type":"WebPage","@id":"https:\/\/autosky.fi\/en\/suzuki-authorized-service\/scheduled-maintenance\/","url":"https:\/\/autosky.fi\/en\/suzuki-authorized-service\/scheduled-maintenance\/","name":"Suzuki-sertifioitu m\u00e4\u00e4r\u00e4aikaishuolto Autoskylla","isPartOf":{"@id":"https:\/\/test.autosky.fi\/#website"},"datePublished":"2018-02-19T15:12:12+00:00","dateModified":"2023-09-23T19:48:39+00:00","description":"Oikea-aikainen Suzukin valtuutettu huolto autollesi - varmista turvallisuus ja kustannuss\u00e4\u00e4st\u00f6t. Luota meihin saadaksesi laadukkaat korjaukset ja valmistajan tarjoukset.","breadcrumb":{"@id":"https:\/\/autosky.fi\/en\/suzuki-authorized-service\/scheduled-maintenance\/#breadcrumb"},"inLanguage":"en-US","potentialAction":[{"@type":"ReadAction","target":["https:\/\/autosky.fi\/en\/suzuki-authorized-service\/scheduled-maintenance\/"]}]},{"@type":"BreadcrumbList","@id":"https:\/\/autosky.fi\/en\/suzuki-authorized-service\/scheduled-maintenance\/#breadcrumb","itemListElement":[{"@type":"ListItem","position":1,"name":"Home","item":"https:\/\/autosky.fi\/en\/frontpage\/"},{"@type":"ListItem","position":2,"name":"Authorized Service","item":"https:\/\/autosky.fi\/en\/suzuki-authorized-service\/"},{"@type":"ListItem","position":3,"name":"Scheduled Maintenance"}]},{"@type":"WebSite","@id":"https:\/\/test.autosky.fi\/#website","url":"https:\/\/test.autosky.fi\/","name":"Autosky","description":"Autohuolto, Autokorjaamo, Automaalamo Helsinki","publisher":{"@id":"https:\/\/test.autosky.fi\/#organization"},"potentialAction":[{"@type":"SearchAction","target":{"@type":"EntryPoint","urlTemplate":"https:\/\/test.autosky.fi\/?s={search_term_string}"},"query-input":{"@type":"PropertyValueSpecification","valueRequired":true,"valueName":"search_term_string"}}],"inLanguage":"en-US"},{"@type":"Organization","@id":"https:\/\/test.autosky.fi\/#organization","name":"Autosky","url":"https:\/\/test.autosky.fi\/","logo":{"@type":"ImageObject","inLanguage":"en-US","@id":"https:\/\/test.autosky.fi\/#\/schema\/logo\/image\/","url":"https:\/\/autosky.fi\/content\/uploads\/2020\/11\/auto-sky-eng-logo.png","contentUrl":"https:\/\/autosky.fi\/content\/uploads\/2020\/11\/auto-sky-eng-logo.png","width":6121,"height":2423,"caption":"Autosky"},"image":{"@id":"https:\/\/test.autosky.fi\/#\/schema\/logo\/image\/"}}]}},"_links":{"self":[{"href":"https:\/\/autosky.fi\/en\/wp-json\/wp\/v2\/pages\/782","targetHints":{"allow":["GET"]}}],"collection":[{"href":"https:\/\/autosky.fi\/en\/wp-json\/wp\/v2\/pages"}],"about":[{"href":"https:\/\/autosky.fi\/en\/wp-json\/wp\/v2\/types\/page"}],"author":[{"embeddable":true,"href":"https:\/\/autosky.fi\/en\/wp-json\/wp\/v2\/users\/1"}],"replies":[{"embeddable":true,"href":"https:\/\/autosky.fi\/en\/wp-json\/wp\/v2\/comments?post=782"}],"version-history":[{"count":2,"href":"https:\/\/autosky.fi\/en\/wp-json\/wp\/v2\/pages\/782\/revisions"}],"predecessor-version":[{"id":8646,"href":"https:\/\/autosky.fi\/en\/wp-json\/wp\/v2\/pages\/782\/revisions\/8646"}],"up":[{"embeddable":true,"href":"https:\/\/autosky.fi\/en\/wp-json\/wp\/v2\/pages\/798"}],"wp:attachment":[{"href":"https:\/\/autosky.fi\/en\/wp-json\/wp\/v2\/media?parent=782"}],"curies":[{"name":"wp","href":"https:\/\/api.w.org\/{rel}","templated":true}]}}